{"id":21796,"date":"2021-07-02T02:37:01","date_gmt":"2021-07-01T17:37:01","guid":{"rendered":"http:\/\/bappashota.com\/?page_id=21796"},"modified":"2021-07-30T22:38:56","modified_gmt":"2021-07-30T13:38:56","slug":"japan","status":"publish","type":"page","link":"https:\/\/bappashota.com\/en\/japan\/","title":{"rendered":"Japan"},"content":{"rendered":"\t\t<div data-elementor-type=\"wp-page\" data-elementor-id=\"21796\" class=\"elementor elementor-21796\">\n\t\t\t\t\t\t<section class=\"elementor-section elementor-top-section elementor-element elementor-element-36cc853 elementor-section-boxed elementor-section-height-default elementor-section-height-default\" data-id=\"36cc853\" data-element_type=\"section\" data-settings=\"{&quot;background_background&quot;:&quot;classic&quot;}\">\n\t\t\t\t\t\t<div class=\"elementor-container elementor-column-gap-default\">\n\t\t\t\t\t<div class=\"elementor-column elementor-col-100 elementor-top-column elementor-element elementor-element-1bfc8b49\" data-id=\"1bfc8b49\" data-element_type=\"column\">\n\t\t\t<div class=\"elementor-widget-wrap elementor-element-populated\">\n\t\t\t\t\t\t<section class=\"elementor-section elementor-inner-section elementor-element elementor-element-803c1bb elementor-section-boxed elementor-section-height-default elementor-section-height-default\" data-id=\"803c1bb\" data-element_type=\"section\">\n\t\t\t\t\t\t<div class=\"elementor-container elementor-column-gap-default\">\n\t\t\t\t\t<div class=\"elementor-column elementor-col-50 elementor-inner-column elementor-element elementor-element-66f15f0b elementor-invisible\" data-id=\"66f15f0b\" data-element_type=\"column\" data-settings=\"{&quot;animation&quot;:&quot;fadeInUp&quot;,&quot;animation_delay&quot;:200}\">\n\t\t\t<div class=\"elementor-widget-wrap elementor-element-populated\">\n\t\t\t\t\t\t<div class=\"elementor-element elementor-element-f8ce31 elementor-widget elementor-widget-heading\" data-id=\"f8ce31\" data-element_type=\"widget\" data-widget_type=\"heading.default\">\n\t\t\t\t<div class=\"elementor-widget-container\">\n\t\t\t\t\t<h2 class=\"elementor-heading-title elementor-size-default\">Explore Japan <\/h2>\t\t\t\t<\/div>\n\t\t\t\t<\/div>\n\t\t\t\t\t<\/div>\n\t\t<\/div>\n\t\t\t\t<div class=\"elementor-column elementor-col-50 elementor-inner-column elementor-element elementor-element-1893855 elementor-invisible\" data-id=\"1893855\" data-element_type=\"column\" data-settings=\"{&quot;animation&quot;:&quot;fadeInUp&quot;,&quot;animation_delay&quot;:400}\">\n\t\t\t<div class=\"elementor-widget-wrap elementor-element-populated\">\n\t\t\t\t\t\t<div class=\"elementor-element elementor-element-35439f07 elementor-widget elementor-widget-heading\" data-id=\"35439f07\" data-element_type=\"widget\" data-widget_type=\"heading.default\">\n\t\t\t\t<div class=\"elementor-widget-container\">\n\t\t\t\t\t<h2 class=\"elementor-heading-title elementor-size-default\">\u65e5\u672c<\/h2>\t\t\t\t<\/div>\n\t\t\t\t<\/div>\n\t\t\t\t\t<\/div>\n\t\t<\/div>\n\t\t\t\t\t<\/div>\n\t\t<\/section>\n\t\t\t\t<div class=\"elementor-element elementor-element-f3cdac2 elementor-widget elementor-widget-shortcode\" data-id=\"f3cdac2\" data-element_type=\"widget\" data-widget_type=\"shortcode.default\">\n\t\t\t\t<div class=\"elementor-widget-container\">\n\t\t\t\t\t\t\t<div class=\"elementor-shortcode\"><div id=\"mapplic-id23067\" data-mapdata=\"{&quot;mapwidth&quot;:&quot;959&quot;,&quot;mapheight&quot;:&quot;899&quot;,&quot;action&quot;:&quot;tooltip&quot;,&quot;defaultstyle&quot;:&quot;Base&quot;,&quot;maxscale&quot;:&quot;4&quot;,&quot;fullscreen&quot;:true,&quot;hovertip&quot;:true,&quot;hovertipdesc&quot;:false,&quot;smartip&quot;:false,&quot;deeplinking&quot;:true,&quot;linknewtab&quot;:false,&quot;minimap&quot;:false,&quot;animations&quot;:true,&quot;zoom&quot;:true,&quot;zoombuttons&quot;:true,&quot;clearbutton&quot;:true,&quot;zoomoutclose&quot;:false,&quot;closezoomout&quot;:false,&quot;mousewheel&quot;:true,&quot;mapfill&quot;:false,&quot;sidebar&quot;:true,&quot;search&quot;:true,&quot;searchdescription&quot;:true,&quot;alphabetic&quot;:true,&quot;thumbholder&quot;:false,&quot;sidebartoggle&quot;:true,&quot;filtersopened&quot;:false,&quot;highlight&quot;:true,&quot;customcss&quot;:&quot;&quot;,&quot;topLat&quot;:&quot;&quot;,&quot;leftLng&quot;:&quot;&quot;,&quot;bottomLat&quot;:&quot;&quot;,&quot;rightLng&quot;:&quot;&quot;,&quot;levels&quot;:[{&quot;id&quot;:&quot;states&quot;,&quot;title&quot;:&quot;Prefectures&quot;,&quot;map&quot;:&quot;\\\/\\\/bappashota.com\\\/wp-content\\\/uploads\\\/2021\\\/07\\\/jp-1.svg&quot;,&quot;minimap&quot;:&quot;&quot;}],&quot;styles&quot;:[{&quot;base&quot;:{&quot;fill&quot;:&quot;#000000&quot;},&quot;hover&quot;:{&quot;fill&quot;:&quot;#00a651&quot;},&quot;active&quot;:{&quot;fill&quot;:&quot;#00a651&quot;},&quot;class&quot;:&quot;Base&quot;}],&quot;categories&quot;:[],&quot;locations&quot;:[{&quot;id&quot;:&quot;JPN1847&quot;,&quot;title&quot;:&quot;Hokkaido&quot;,&quot;x&quot;:&quot;0.6363&quot;,&quot;y&quot;:&quot;0.1537&quot;,&quot;zoom&quot;:&quot;0&quot;,&quot;pin&quot;:&quot;hidden&quot;,&quot;action&quot;:&quot;tooltip&quot;,&quot;level&quot;:&quot;states&quot;,&quot;style&quot;:&quot;Base&quot;,&quot;link&quot;:&quot;http:\\\/\\\/bappashota.com\\\/en\\\/category\\\/japan-travel-guides\\\/hokkaido\\\/&quot;,&quot;fill&quot;:&quot;#00a651&quot;,&quot;color&quot;:&quot;#00a651&quot;},{&quot;title&quot;:&quot;Fukui&quot;,&quot;id&quot;:&quot;JPN1848&quot;,&quot;pin&quot;:&quot;hidden&quot;,&quot;fill&quot;:&quot;#00a651&quot;,&quot;action&quot;:&quot;default&quot;,&quot;x&quot;:&quot;0.4317&quot;,&quot;y&quot;:&quot;0.4770&quot;,&quot;level&quot;:&quot;states&quot;,&quot;color&quot;:&quot;#00a651&quot;,&quot;link&quot;:&quot;http:\\\/\\\/bappashota.com\\\/en\\\/category\\\/japan-travel-guides\\\/chubu\\\/fukui\\\/&quot;,&quot;zoom&quot;:&quot;0&quot;},{&quot;title&quot;:&quot;Tokushima&quot;,&quot;id&quot;:&quot;JPN1836&quot;,&quot;pin&quot;:&quot;hidden&quot;,&quot;fill&quot;:&quot;#00a651&quot;,&quot;action&quot;:&quot;default&quot;,&quot;x&quot;:&quot;0.3669&quot;,&quot;y&quot;:&quot;0.5640&quot;,&quot;level&quot;:&quot;states&quot;,&quot;color&quot;:&quot;#314ad8&quot;,&quot;link&quot;:&quot;http:\\\/\\\/bappashota.com\\\/en\\\/category\\\/japan-travel-guides\\\/shikoku\\\/tokushima\\\/&quot;,&quot;zoom&quot;:&quot;0&quot;},{&quot;title&quot;:&quot;Kagawa&quot;,&quot;id&quot;:&quot;JPN1833&quot;,&quot;pin&quot;:&quot;hidden&quot;,&quot;fill&quot;:&quot;#00a651&quot;,&quot;action&quot;:&quot;default&quot;,&quot;x&quot;:&quot;0.3549&quot;,&quot;y&quot;:&quot;0.5512&quot;,&quot;level&quot;:&quot;states&quot;,&quot;color&quot;:&quot;#00a651&quot;,&quot;link&quot;:&quot;http:\\\/\\\/bappashota.com\\\/en\\\/category\\\/japan-travel-guides\\\/shikoku\\\/kagawa\\\/&quot;,&quot;zoom&quot;:&quot;0&quot;},{&quot;title&quot;:&quot;K\\u014dchi&quot;,&quot;id&quot;:&quot;JPN1834&quot;,&quot;pin&quot;:&quot;hidden&quot;,&quot;fill&quot;:&quot;#00a651&quot;,&quot;action&quot;:&quot;default&quot;,&quot;x&quot;:&quot;0.3381&quot;,&quot;y&quot;:&quot;0.5742&quot;,&quot;level&quot;:&quot;states&quot;,&quot;color&quot;:&quot;#00a651&quot;,&quot;link&quot;:&quot;http:\\\/\\\/bappashota.com\\\/en\\\/category\\\/japan-travel-guides\\\/shikoku\\\/kochi\\\/&quot;,&quot;zoom&quot;:&quot;0&quot;},{&quot;title&quot;:&quot;Miyazaki&quot;,&quot;id&quot;:&quot;JPN1831&quot;,&quot;pin&quot;:&quot;hidden&quot;,&quot;fill&quot;:&quot;#00a651&quot;,&quot;action&quot;:&quot;default&quot;,&quot;x&quot;:&quot;0.2710&quot;,&quot;y&quot;:&quot;0.6343&quot;,&quot;level&quot;:&quot;states&quot;,&quot;color&quot;:&quot;#00a651&quot;,&quot;link&quot;:&quot;http:\\\/\\\/bappashota.com\\\/en\\\/category\\\/japan-travel-guides\\\/kyushu\\\/miyazaki\\\/&quot;,&quot;zoom&quot;:&quot;0&quot;},{&quot;title&quot;:&quot;Ehime&quot;,&quot;id&quot;:&quot;JPN1832&quot;,&quot;pin&quot;:&quot;hidden&quot;,&quot;action&quot;:&quot;default&quot;,&quot;x&quot;:&quot;0.3249&quot;,&quot;y&quot;:&quot;0.5602&quot;,&quot;level&quot;:&quot;states&quot;,&quot;link&quot;:&quot;http:\\\/\\\/bappashota.com\\\/en\\\/category\\\/japan-travel-guides\\\/shikoku\\\/ehime\\\/&quot;,&quot;zoom&quot;:&quot;0&quot;,&quot;fill&quot;:&quot;#00a651&quot;,&quot;color&quot;:&quot;#00a651&quot;}]}\"><\/div><\/div>\n\t\t\t\t\t\t<\/div>\n\t\t\t\t<\/div>\n\t\t\t\t\t<\/div>\n\t\t<\/div>\n\t\t\t\t\t<\/div>\n\t\t<\/section>\n\t\t\t\t<section class=\"elementor-section elementor-top-section elementor-element elementor-element-51d4d00 elementor-section-height-full elementor-section-boxed elementor-section-height-default elementor-section-items-middle\" data-id=\"51d4d00\" data-element_type=\"section\" data-settings=\"{&quot;background_background&quot;:&quot;classic&quot;}\">\n\t\t\t\t\t\t\t<div class=\"elementor-background-overlay\"><\/div>\n\t\t\t\t\t\t\t<div class=\"elementor-container elementor-column-gap-default\">\n\t\t\t\t\t<div class=\"elementor-column elementor-col-25 elementor-top-column elementor-element elementor-element-1744d25 animated-slow elementor-invisible\" data-id=\"1744d25\" data-element_type=\"column\" data-settings=\"{&quot;animation&quot;:&quot;fadeInRight&quot;,&quot;animation_delay&quot;:400}\">\n\t\t\t<div class=\"elementor-widget-wrap elementor-element-populated\">\n\t\t\t\t\t\t<div class=\"elementor-element elementor-element-12928557 premium-banner-tilt-true elementor-widget elementor-widget-premium-addon-banner\" data-id=\"12928557\" data-element_type=\"widget\" data-widget_type=\"premium-addon-banner.default\">\n\t\t\t\t<div class=\"elementor-widget-container\">\n\t\t\t\t\t\t\t<div class=\"premium-banner-ib premium-banner-min-height premium-banner-animation6 zoomout premium-banner__effect-type1\">\n\t\t\t\t\t\t\t\t\t\t<img decoding=\"async\" src=\"https:\/\/bappashota.com\/wp-content\/uploads\/2021\/07\/Copy-of-Shiretoko-1.jpg\" title=\"\" alt=\"\" loading=\"lazy\" \/>\t\t\t\t\t\t\t\t\t<div class=\"premium-banner-ib-desc\">\n\t\t\t\t\n\t\t\t\t\t\t\t\t\t<h3 class=\"premium-banner-ib-title premium_banner_title\">\n\t\t\t\t\t\tHokkaid\u014d\t\t\t\t\t<\/h3>\n\t\t\t\t\n\t\t\t\t\n\t\t\t\t\n\t\t\t\t\t\t\t<\/div>\n\t\t\t\t\t\t\t<a href=\"http:\/\/bappashota.com\/en\/category\/japan-travel-guides\/hokkaido\/\" class=\"premium-banner-ib-link\"><\/a>\n\t\t\t\t\t<\/div>\n\n\t\t\t\t\t\t<\/div>\n\t\t\t\t<\/div>\n\t\t\t\t<div class=\"elementor-element elementor-element-4e9adc4 premium-banner-tilt-true elementor-widget elementor-widget-premium-addon-banner\" data-id=\"4e9adc4\" data-element_type=\"widget\" data-widget_type=\"premium-addon-banner.default\">\n\t\t\t\t<div class=\"elementor-widget-container\">\n\t\t\t\t\t\t\t<div class=\"premium-banner-ib premium-banner-min-height premium-banner-animation6 zoomout premium-banner__effect-type1\">\n\t\t\t\t\t\t\t\t\t\t<img fetchpriority=\"high\" decoding=\"async\" width=\"1024\" height=\"768\" src=\"https:\/\/bappashota.com\/wp-content\/uploads\/2021\/07\/Copy-of-Ruth-_-Shota-With-The-Van-6-1024x768.jpg\" class=\"attachment-large size-large wp-image-22142\" alt=\"\" srcset=\"https:\/\/bappashota.com\/wp-content\/uploads\/2021\/07\/Copy-of-Ruth-_-Shota-With-The-Van-6-1024x768.jpg 1024w, https:\/\/bappashota.com\/wp-content\/uploads\/2021\/07\/Copy-of-Ruth-_-Shota-With-The-Van-6-300x225.jpg 300w, https:\/\/bappashota.com\/wp-content\/uploads\/2021\/07\/Copy-of-Ruth-_-Shota-With-The-Van-6-768x576.jpg 768w, https:\/\/bappashota.com\/wp-content\/uploads\/2021\/07\/Copy-of-Ruth-_-Shota-With-The-Van-6-1536x1152.jpg 1536w, https:\/\/bappashota.com\/wp-content\/uploads\/2021\/07\/Copy-of-Ruth-_-Shota-With-The-Van-6.jpg 2048w\" sizes=\"(max-width: 1024px) 100vw, 1024px\" \/>\t\t\t\t\t\t\t\t\t<div class=\"premium-banner-ib-desc\">\n\t\t\t\t\n\t\t\t\t\t\t\t\t\t<h3 class=\"premium-banner-ib-title premium_banner_title\">\n\t\t\t\t\t\tKansai\t\t\t\t\t<\/h3>\n\t\t\t\t\n\t\t\t\t\t\t\t\t\t<div class=\"premium-banner-ib-content premium_banner_content\">\n\t\t\t\t\t\t<p>Coming Soon<\/p>\t\t\t\t\t<\/div>\n\t\t\t\t\n\t\t\t\t\n\t\t\t\t\t\t\t<\/div>\n\t\t\t\t\t\t\t<a href=\"http:\/\/bappashota.com\/en\/category\/japan-travel-guides\/hokkaido\/\" class=\"premium-banner-ib-link\"><\/a>\n\t\t\t\t\t<\/div>\n\n\t\t\t\t\t\t<\/div>\n\t\t\t\t<\/div>\n\t\t\t\t\t<\/div>\n\t\t<\/div>\n\t\t\t\t<div class=\"elementor-column elementor-col-25 elementor-top-column elementor-element elementor-element-392c10d animated-slow elementor-invisible\" data-id=\"392c10d\" data-element_type=\"column\" data-settings=\"{&quot;animation&quot;:&quot;fadeInRight&quot;,&quot;animation_delay&quot;:400}\">\n\t\t\t<div class=\"elementor-widget-wrap elementor-element-populated\">\n\t\t\t\t\t\t<div class=\"elementor-element elementor-element-320d8456 premium-banner-tilt-true elementor-widget elementor-widget-premium-addon-banner\" data-id=\"320d8456\" data-element_type=\"widget\" data-widget_type=\"premium-addon-banner.default\">\n\t\t\t\t<div class=\"elementor-widget-container\">\n\t\t\t\t\t\t\t<div class=\"premium-banner-ib premium-banner-min-height premium-banner-animation6 zoomout premium-banner__effect-type1\">\n\t\t\t\t\t\t\t\t\t\t<img decoding=\"async\" width=\"1024\" height=\"768\" src=\"https:\/\/bappashota.com\/wp-content\/uploads\/2021\/07\/Copy-of-Copy-of-Copy-of-Ruth-_-Shota-With-The-Van-3-Okinawa-1024x768.jpg\" class=\"attachment-large size-large wp-image-22116\" alt=\"\" srcset=\"https:\/\/bappashota.com\/wp-content\/uploads\/2021\/07\/Copy-of-Copy-of-Copy-of-Ruth-_-Shota-With-The-Van-3-Okinawa-1024x768.jpg 1024w, https:\/\/bappashota.com\/wp-content\/uploads\/2021\/07\/Copy-of-Copy-of-Copy-of-Ruth-_-Shota-With-The-Van-3-Okinawa-300x225.jpg 300w, https:\/\/bappashota.com\/wp-content\/uploads\/2021\/07\/Copy-of-Copy-of-Copy-of-Ruth-_-Shota-With-The-Van-3-Okinawa-768x576.jpg 768w, https:\/\/bappashota.com\/wp-content\/uploads\/2021\/07\/Copy-of-Copy-of-Copy-of-Ruth-_-Shota-With-The-Van-3-Okinawa-1536x1152.jpg 1536w, https:\/\/bappashota.com\/wp-content\/uploads\/2021\/07\/Copy-of-Copy-of-Copy-of-Ruth-_-Shota-With-The-Van-3-Okinawa-2048x1536.jpg 2048w\" sizes=\"(max-width: 1024px) 100vw, 1024px\" \/>\t\t\t\t\t\t\t\t\t<div class=\"premium-banner-ib-desc\">\n\t\t\t\t\n\t\t\t\t\t\t\t\t\t<h3 class=\"premium-banner-ib-title premium_banner_title\">\n\t\t\t\t\t\tT\u014dhoku\t\t\t\t\t<\/h3>\n\t\t\t\t\n\t\t\t\t\t\t\t\t\t<div class=\"premium-banner-ib-content premium_banner_content\">\n\t\t\t\t\t\t<p>Coming Soon<\/p>\t\t\t\t\t<\/div>\n\t\t\t\t\n\t\t\t\t\n\t\t\t\t\t\t\t<\/div>\n\t\t\t\t\t\t\t<a href=\"#\" class=\"premium-banner-ib-link\"><\/a>\n\t\t\t\t\t<\/div>\n\n\t\t\t\t\t\t<\/div>\n\t\t\t\t<\/div>\n\t\t\t\t<div class=\"elementor-element elementor-element-3c91fdc7 premium-banner-tilt-true elementor-widget elementor-widget-premium-addon-banner\" data-id=\"3c91fdc7\" data-element_type=\"widget\" data-widget_type=\"premium-addon-banner.default\">\n\t\t\t\t<div class=\"elementor-widget-container\">\n\t\t\t\t\t\t\t<div class=\"premium-banner-ib premium-banner-min-height premium-banner-animation6 zoomout premium-banner__effect-type1\">\n\t\t\t\t\t\t\t\t\t\t<img decoding=\"async\" width=\"1024\" height=\"768\" src=\"https:\/\/bappashota.com\/wp-content\/uploads\/2021\/07\/Copy-of-Cooking-1-1024x768.jpg\" class=\"attachment-large size-large wp-image-22112\" alt=\"\" srcset=\"https:\/\/bappashota.com\/wp-content\/uploads\/2021\/07\/Copy-of-Cooking-1-1024x768.jpg 1024w, https:\/\/bappashota.com\/wp-content\/uploads\/2021\/07\/Copy-of-Cooking-1-300x225.jpg 300w, https:\/\/bappashota.com\/wp-content\/uploads\/2021\/07\/Copy-of-Cooking-1-768x576.jpg 768w, https:\/\/bappashota.com\/wp-content\/uploads\/2021\/07\/Copy-of-Cooking-1-1536x1152.jpg 1536w, https:\/\/bappashota.com\/wp-content\/uploads\/2021\/07\/Copy-of-Cooking-1-2048x1536.jpg 2048w\" sizes=\"(max-width: 1024px) 100vw, 1024px\" \/>\t\t\t\t\t\t\t\t\t<div class=\"premium-banner-ib-desc\">\n\t\t\t\t\n\t\t\t\t\t\t\t\t\t<h3 class=\"premium-banner-ib-title premium_banner_title\">\n\t\t\t\t\t\tKant\u014d\t\t\t\t\t<\/h3>\n\t\t\t\t\n\t\t\t\t\t\t\t\t\t<div class=\"premium-banner-ib-content premium_banner_content\">\n\t\t\t\t\t\t<p>Coming Soon<\/p>\t\t\t\t\t<\/div>\n\t\t\t\t\n\t\t\t\t\n\t\t\t\t\t\t\t<\/div>\n\t\t\t\t\t\t\t<a href=\"#\" class=\"premium-banner-ib-link\"><\/a>\n\t\t\t\t\t<\/div>\n\n\t\t\t\t\t\t<\/div>\n\t\t\t\t<\/div>\n\t\t\t\t\t<\/div>\n\t\t<\/div>\n\t\t\t\t<div class=\"elementor-column elementor-col-25 elementor-top-column elementor-element elementor-element-7b5eb28 animated-slow elementor-invisible\" data-id=\"7b5eb28\" data-element_type=\"column\" data-settings=\"{&quot;animation&quot;:&quot;fadeInLeft&quot;,&quot;animation_delay&quot;:400}\">\n\t\t\t<div class=\"elementor-widget-wrap elementor-element-populated\">\n\t\t\t\t\t\t<div class=\"elementor-element elementor-element-f02d3e7 premium-banner-tilt-true elementor-widget elementor-widget-premium-addon-banner\" data-id=\"f02d3e7\" data-element_type=\"widget\" data-widget_type=\"premium-addon-banner.default\">\n\t\t\t\t<div class=\"elementor-widget-container\">\n\t\t\t\t\t\t\t<div class=\"premium-banner-ib premium-banner-min-height premium-banner-animation6 zoomout premium-banner__effect-type1\">\n\t\t\t\t\t\t\t\t\t\t<img loading=\"lazy\" decoding=\"async\" width=\"768\" height=\"576\" src=\"https:\/\/bappashota.com\/wp-content\/uploads\/2021\/07\/Copy-of-20210212_100303-768x576.jpg\" class=\"attachment-medium_large size-medium_large wp-image-22108\" alt=\"\" srcset=\"https:\/\/bappashota.com\/wp-content\/uploads\/2021\/07\/Copy-of-20210212_100303-768x576.jpg 768w, https:\/\/bappashota.com\/wp-content\/uploads\/2021\/07\/Copy-of-20210212_100303-300x225.jpg 300w, https:\/\/bappashota.com\/wp-content\/uploads\/2021\/07\/Copy-of-20210212_100303-1024x768.jpg 1024w, https:\/\/bappashota.com\/wp-content\/uploads\/2021\/07\/Copy-of-20210212_100303-1536x1152.jpg 1536w, https:\/\/bappashota.com\/wp-content\/uploads\/2021\/07\/Copy-of-20210212_100303.jpg 2048w\" sizes=\"(max-width: 768px) 100vw, 768px\" \/>\t\t\t\t\t\t\t\t\t<div class=\"premium-banner-ib-desc\">\n\t\t\t\t\n\t\t\t\t\t\t\t\t\t<h3 class=\"premium-banner-ib-title premium_banner_title\">\n\t\t\t\t\t\tKy\u016bsh\u016b\t\t\t\t\t<\/h3>\n\t\t\t\t\n\t\t\t\t\n\t\t\t\t\n\t\t\t\t\t\t\t<\/div>\n\t\t\t\t\t\t\t<a href=\"http:\/\/bappashota.com\/en\/category\/japan-travel-guides\/kyushu\/\" class=\"premium-banner-ib-link\"><\/a>\n\t\t\t\t\t<\/div>\n\n\t\t\t\t\t\t<\/div>\n\t\t\t\t<\/div>\n\t\t\t\t<div class=\"elementor-element elementor-element-46d3570 premium-banner-tilt-true elementor-widget elementor-widget-premium-addon-banner\" data-id=\"46d3570\" data-element_type=\"widget\" data-widget_type=\"premium-addon-banner.default\">\n\t\t\t\t<div class=\"elementor-widget-container\">\n\t\t\t\t\t\t\t<div class=\"premium-banner-ib premium-banner-min-height premium-banner-animation6 zoomout premium-banner__effect-type1\">\n\t\t\t\t\t\t\t\t\t\t<img loading=\"lazy\" decoding=\"async\" width=\"1024\" height=\"768\" src=\"https:\/\/bappashota.com\/wp-content\/uploads\/2021\/07\/20201127_152048-1024x768.jpg\" class=\"attachment-large size-large wp-image-22085\" alt=\"\" srcset=\"https:\/\/bappashota.com\/wp-content\/uploads\/2021\/07\/20201127_152048-1024x768.jpg 1024w, https:\/\/bappashota.com\/wp-content\/uploads\/2021\/07\/20201127_152048-300x225.jpg 300w, https:\/\/bappashota.com\/wp-content\/uploads\/2021\/07\/20201127_152048-768x576.jpg 768w, https:\/\/bappashota.com\/wp-content\/uploads\/2021\/07\/20201127_152048-1536x1152.jpg 1536w, https:\/\/bappashota.com\/wp-content\/uploads\/2021\/07\/20201127_152048.jpg 2048w\" sizes=\"(max-width: 1024px) 100vw, 1024px\" \/>\t\t\t\t\t\t\t\t\t<div class=\"premium-banner-ib-desc\">\n\t\t\t\t\n\t\t\t\t\t\t\t\t\t<h3 class=\"premium-banner-ib-title premium_banner_title\">\n\t\t\t\t\t\tCh\u016bgoku\t\t\t\t\t<\/h3>\n\t\t\t\t\n\t\t\t\t\t\t\t\t\t<div class=\"premium-banner-ib-content premium_banner_content\">\n\t\t\t\t\t\t<p>Coming Soon<\/p>\t\t\t\t\t<\/div>\n\t\t\t\t\n\t\t\t\t\n\t\t\t\t\t\t\t<\/div>\n\t\t\t\t\t\t\t<a href=\"#\" class=\"premium-banner-ib-link\"><\/a>\n\t\t\t\t\t<\/div>\n\n\t\t\t\t\t\t<\/div>\n\t\t\t\t<\/div>\n\t\t\t\t\t<\/div>\n\t\t<\/div>\n\t\t\t\t<div class=\"elementor-column elementor-col-25 elementor-top-column elementor-element elementor-element-f741259 animated-slow elementor-invisible\" data-id=\"f741259\" data-element_type=\"column\" data-settings=\"{&quot;animation&quot;:&quot;fadeInLeft&quot;,&quot;animation_delay&quot;:400}\">\n\t\t\t<div class=\"elementor-widget-wrap elementor-element-populated\">\n\t\t\t\t\t\t<div class=\"elementor-element elementor-element-c97e61c premium-banner-tilt-true elementor-widget elementor-widget-premium-addon-banner\" data-id=\"c97e61c\" data-element_type=\"widget\" data-widget_type=\"premium-addon-banner.default\">\n\t\t\t\t<div class=\"elementor-widget-container\">\n\t\t\t\t\t\t\t<div class=\"premium-banner-ib premium-banner-min-height premium-banner-animation6 zoomout premium-banner__effect-type1\">\n\t\t\t\t\t\t\t\t\t\t<img loading=\"lazy\" decoding=\"async\" width=\"768\" height=\"576\" src=\"https:\/\/bappashota.com\/wp-content\/uploads\/2021\/07\/Copy-of-Ruth-_-Shota-With-The-Van-4-768x576.jpg\" class=\"attachment-medium_large size-medium_large wp-image-22138\" alt=\"\" srcset=\"https:\/\/bappashota.com\/wp-content\/uploads\/2021\/07\/Copy-of-Ruth-_-Shota-With-The-Van-4-768x576.jpg 768w, https:\/\/bappashota.com\/wp-content\/uploads\/2021\/07\/Copy-of-Ruth-_-Shota-With-The-Van-4-300x225.jpg 300w, https:\/\/bappashota.com\/wp-content\/uploads\/2021\/07\/Copy-of-Ruth-_-Shota-With-The-Van-4-1024x768.jpg 1024w, https:\/\/bappashota.com\/wp-content\/uploads\/2021\/07\/Copy-of-Ruth-_-Shota-With-The-Van-4-1536x1152.jpg 1536w, https:\/\/bappashota.com\/wp-content\/uploads\/2021\/07\/Copy-of-Ruth-_-Shota-With-The-Van-4-2048x1536.jpg 2048w\" sizes=\"(max-width: 768px) 100vw, 768px\" \/>\t\t\t\t\t\t\t\t\t<div class=\"premium-banner-ib-desc\">\n\t\t\t\t\n\t\t\t\t\t\t\t\t\t<h3 class=\"premium-banner-ib-title premium_banner_title\">\n\t\t\t\t\t\tCh\u016bbu\t\t\t\t\t<\/h3>\n\t\t\t\t\n\t\t\t\t\t\t\t\t\t<div class=\"premium-banner-ib-content premium_banner_content\">\n\t\t\t\t\t\t<p>Coming Soon<\/p>\t\t\t\t\t<\/div>\n\t\t\t\t\n\t\t\t\t\n\t\t\t\t\t\t\t<\/div>\n\t\t\t\t\t\t\t<a href=\"http:\/\/bappashota.com\/en\/category\/japan-travel-guides\/chubu\/\" class=\"premium-banner-ib-link\"><\/a>\n\t\t\t\t\t<\/div>\n\n\t\t\t\t\t\t<\/div>\n\t\t\t\t<\/div>\n\t\t\t\t<div class=\"elementor-element elementor-element-aa91224 premium-banner-tilt-true elementor-widget elementor-widget-premium-addon-banner\" data-id=\"aa91224\" data-element_type=\"widget\" data-widget_type=\"premium-addon-banner.default\">\n\t\t\t\t<div class=\"elementor-widget-container\">\n\t\t\t\t\t\t\t<div class=\"premium-banner-ib premium-banner-min-height premium-banner-animation6 zoomout premium-banner__effect-type1\">\n\t\t\t\t\t\t\t\t\t\t<img loading=\"lazy\" decoding=\"async\" width=\"768\" height=\"576\" src=\"https:\/\/bappashota.com\/wp-content\/uploads\/2021\/07\/20200623_185527-768x576.jpg\" class=\"attachment-medium_large size-medium_large wp-image-22083\" alt=\"\" srcset=\"https:\/\/bappashota.com\/wp-content\/uploads\/2021\/07\/20200623_185527-768x576.jpg 768w, https:\/\/bappashota.com\/wp-content\/uploads\/2021\/07\/20200623_185527-300x225.jpg 300w, https:\/\/bappashota.com\/wp-content\/uploads\/2021\/07\/20200623_185527-1024x768.jpg 1024w, https:\/\/bappashota.com\/wp-content\/uploads\/2021\/07\/20200623_185527-1536x1152.jpg 1536w, https:\/\/bappashota.com\/wp-content\/uploads\/2021\/07\/20200623_185527.jpg 2048w\" sizes=\"(max-width: 768px) 100vw, 768px\" \/>\t\t\t\t\t\t\t\t\t<div class=\"premium-banner-ib-desc\">\n\t\t\t\t\n\t\t\t\t\t\t\t\t\t<h3 class=\"premium-banner-ib-title premium_banner_title\">\n\t\t\t\t\t\tShikoku\t\t\t\t\t<\/h3>\n\t\t\t\t\n\t\t\t\t\n\t\t\t\t\n\t\t\t\t\t\t\t<\/div>\n\t\t\t\t\t\t\t<a href=\"http:\/\/bappashota.com\/en\/category\/japan-travel-guides\/shikoku\/\" class=\"premium-banner-ib-link\"><\/a>\n\t\t\t\t\t<\/div>\n\n\t\t\t\t\t\t<\/div>\n\t\t\t\t<\/div>\n\t\t\t\t\t<\/div>\n\t\t<\/div>\n\t\t\t\t\t<\/div>\n\t\t<\/section>\n\t\t\t\t<\/div>\n\t\t","protected":false},"excerpt":{"rendered":"<p>Explore Japan \u65e5\u672c Hokkaid\u014d Kansai Coming Soon T\u014dhoku Coming Soon Kant\u014d Coming Soon Ky\u016bsh\u016b Ch\u016bgoku Coming Soon Ch\u016bbu Coming Soon Shikoku<\/p>\n","protected":false},"author":5,"featured_media":0,"parent":0,"menu_order":0,"comment_status":"closed","ping_status":"closed","template":"elementor_header_footer","meta":{"footnotes":""},"_links":{"self":[{"href":"https:\/\/bappashota.com\/en\/wp-json\/wp\/v2\/pages\/21796"}],"collection":[{"href":"https:\/\/bappashota.com\/en\/wp-json\/wp\/v2\/pages"}],"about":[{"href":"https:\/\/bappashota.com\/en\/wp-json\/wp\/v2\/types\/page"}],"author":[{"embeddable":true,"href":"https:\/\/bappashota.com\/en\/wp-json\/wp\/v2\/users\/5"}],"replies":[{"embeddable":true,"href":"https:\/\/bappashota.com\/en\/wp-json\/wp\/v2\/comments?post=21796"}],"version-history":[{"count":15,"href":"https:\/\/bappashota.com\/en\/wp-json\/wp\/v2\/pages\/21796\/revisions"}],"predecessor-version":[{"id":23070,"href":"https:\/\/bappashota.com\/en\/wp-json\/wp\/v2\/pages\/21796\/revisions\/23070"}],"wp:attachment":[{"href":"https:\/\/bappashota.com\/en\/wp-json\/wp\/v2\/media?parent=21796"}],"curies":[{"name":"wp","href":"https:\/\/api.w.org\/{rel}","templated":true}]}}